{"id":8,"date":"2025-03-28T16:28:33","date_gmt":"2025-03-28T16:28:33","guid":{"rendered":"https:\/\/dianaparkhotel.com\/?page_id=8"},"modified":"2025-05-14T09:54:33","modified_gmt":"2025-05-14T09:54:33","slug":"home","status":"publish","type":"page","link":"https:\/\/dianaparkhotel.com\/es\/","title":{"rendered":"Home"},"content":{"rendered":"<div data-elementor-type=\"wp-page\" data-elementor-id=\"8\" class=\"elementor elementor-8\">\n\t\t\t\t<div class=\"elementor-element elementor-element-6899104 e-flex e-con-boxed e-con e-parent\" data-id=\"6899104\" data-element_type=\"container\" data-settings=\"{&quot;background_background&quot;:&quot;classic&quot;}\">\n\t\t\t\t\t<div class=\"e-con-inner\">\n\t\t\t\t<div class=\"elementor-element elementor-element-6eb13c8 elementor-widget elementor-widget-heading\" data-id=\"6eb13c8\" data-element_type=\"widget\" data-widget_type=\"heading.default\">\n\t\t\t\t<div class=\"elementor-widget-container\">\n\t\t\t\t\t<h2 class=\"elementor-heading-title elementor-size-default\">Tu viaje a Florencia comienza aqu\u00ed<\/h2>\t\t\t\t<\/div>\n\t\t\t\t<\/div>\n\t\t\t\t<div class=\"elementor-element elementor-element-de93ca9 elementor-align-center elementor-widget elementor-widget-button\" data-id=\"de93ca9\" data-element_type=\"widget\" data-widget_type=\"button.default\">\n\t\t\t\t<div class=\"elementor-widget-container\">\n\t\t\t\t\t\t\t\t\t<div class=\"elementor-button-wrapper\">\n\t\t\t\t\t<a class=\"elementor-button elementor-button-link elementor-size-sm\" href=\"https:\/\/booking.ericsoft.com\/en\/BookingEngine\/Book?idh=2869555B2B98E700&#038;lang=en&#038;arrival=2025-04-14&#038;departure=2025-04-15&#038;cur=EUR&#038;guests=17493-7_17493-7\" target=\"_blank\">\n\t\t\t\t\t\t<span class=\"elementor-button-content-wrapper\">\n\t\t\t\t\t\t\t\t\t<span class=\"elementor-button-text\">\u00a1Reserva ahora<\/span>\n\t\t\t\t\t<\/span>\n\t\t\t\t\t<\/a>\n\t\t\t\t<\/div>\n\t\t\t\t\t\t\t\t<\/div>\n\t\t\t\t<\/div>\n\t\t\t\t\t<\/div>\n\t\t\t\t<\/div>\n\t\t<div class=\"elementor-element elementor-element-d41a3bf e-flex e-con-boxed e-con e-parent\" data-id=\"d41a3bf\" data-element_type=\"container\">\n\t\t\t\t\t<div class=\"e-con-inner\">\n\t\t<div class=\"elementor-element elementor-element-fa86b32 e-con-full e-flex e-con e-child\" data-id=\"fa86b32\" data-element_type=\"container\">\n\t\t<div class=\"elementor-element elementor-element-53d0a6b e-con-full e-flex e-con e-child\" data-id=\"53d0a6b\" data-element_type=\"container\">\n\t\t\t\t<div class=\"elementor-element elementor-element-74250d7 elementor-invisible elementor-widget elementor-widget-heading\" data-id=\"74250d7\" data-element_type=\"widget\" data-settings=\"{&quot;_animation&quot;:&quot;fadeInLeft&quot;}\" data-widget_type=\"heading.default\">\n\t\t\t\t<div class=\"elementor-widget-container\">\n\t\t\t\t\t<h2 class=\"elementor-heading-title elementor-size-default\"><a href=\"https:\/\/dianaparkhotel.com\/es\/private-parking\/\">Estacionamiento\nprivado\u00a0<\/a><\/h2>\t\t\t\t<\/div>\n\t\t\t\t<\/div>\n\t\t\t\t<div class=\"elementor-element elementor-element-cafd73d elementor-view-default elementor-invisible elementor-widget elementor-widget-icon\" data-id=\"cafd73d\" data-element_type=\"widget\" data-settings=\"{&quot;_animation&quot;:&quot;fadeInLeft&quot;}\" data-widget_type=\"icon.default\">\n\t\t\t\t<div class=\"elementor-widget-container\">\n\t\t\t\t\t\t\t<div class=\"elementor-icon-wrapper\">\n\t\t\t<a class=\"elementor-icon\" href=\"https:\/\/dianaparkhotel.com\/es\/private-parking\/\">\n\t\t\t<svg xmlns=\"http:\/\/www.w3.org\/2000\/svg\" width=\"23\" height=\"23\" viewbox=\"0 0 23 23\" fill=\"none\"><circle cx=\"11.5\" cy=\"11.5\" r=\"11.5\" fill=\"#D2B594\"><\/circle><\/svg>\t\t\t<\/a>\n\t\t<\/div>\n\t\t\t\t\t\t<\/div>\n\t\t\t\t<\/div>\n\t\t\t\t<\/div>\n\t\t\t\t<div class=\"elementor-element elementor-element-caaada4 elementor-widget elementor-widget-spacer\" data-id=\"caaada4\" data-element_type=\"widget\" data-widget_type=\"spacer.default\">\n\t\t\t\t<div class=\"elementor-widget-container\">\n\t\t\t\t\t\t\t<div class=\"elementor-spacer\">\n\t\t\t<div class=\"elementor-spacer-inner\"><\/div>\n\t\t<\/div>\n\t\t\t\t\t\t<\/div>\n\t\t\t\t<\/div>\n\t\t\t\t<div class=\"elementor-element elementor-element-9dea916 elementor-widget elementor-widget-text-editor\" data-id=\"9dea916\" data-element_type=\"widget\" data-widget_type=\"text-editor.default\">\n\t\t\t\t<div class=\"elementor-widget-container\">\n\t\t\t\t\t\t\t\t\t<p>Hotel Diana Park es el punto de partida ideal para tu viaje a Florencia: con\nestacionamiento privado y ubicado cerca de la Piazza della Libert\u00e0, a las puertas del centro de la ciudad, te permite llegar en s\u00f3lo 10 minutos tanto al c\u00e9ntrico Duomo como al aeropuerto.<\/p>\t\t\t\t\t\t\t\t<\/div>\n\t\t\t\t<\/div>\n\t\t\t\t<div class=\"elementor-element elementor-element-c9d9f63 elementor-widget elementor-widget-spacer\" data-id=\"c9d9f63\" data-element_type=\"widget\" data-widget_type=\"spacer.default\">\n\t\t\t\t<div class=\"elementor-widget-container\">\n\t\t\t\t\t\t\t<div class=\"elementor-spacer\">\n\t\t\t<div class=\"elementor-spacer-inner\"><\/div>\n\t\t<\/div>\n\t\t\t\t\t\t<\/div>\n\t\t\t\t<\/div>\n\t\t\t\t<div class=\"elementor-element elementor-element-d19d6bb elementor-widget elementor-widget-image\" data-id=\"d19d6bb\" data-element_type=\"widget\" data-widget_type=\"image.default\">\n\t\t\t\t<div class=\"elementor-widget-container\">\n\t\t\t\t\t\t\t\t\t\t\t\t\t\t\t<img fetchpriority=\"high\" decoding=\"async\" width=\"614\" height=\"335\" src=\"https:\/\/dianaparkhotel.com\/wp-content\/uploads\/2025\/03\/men_9634-1024x768-1.png\" class=\"attachment-large size-large wp-image-62\" alt=\"\" srcset=\"https:\/\/dianaparkhotel.com\/wp-content\/uploads\/2025\/03\/men_9634-1024x768-1.png 614w, https:\/\/dianaparkhotel.com\/wp-content\/uploads\/2025\/03\/men_9634-1024x768-1-600x327.png 600w, https:\/\/dianaparkhotel.com\/wp-content\/uploads\/2025\/03\/men_9634-1024x768-1-300x164.png 300w\" sizes=\"(max-width: 614px) 100vw, 614px\" \/>\t\t\t\t\t\t\t\t\t\t\t\t\t\t\t<\/div>\n\t\t\t\t<\/div>\n\t\t\t\t<\/div>\n\t\t<div class=\"elementor-element elementor-element-d75a83f e-con-full e-flex e-con e-child\" data-id=\"d75a83f\" data-element_type=\"container\">\n\t\t\t\t<div class=\"elementor-element elementor-element-9619532 elementor-widget elementor-widget-image\" data-id=\"9619532\" data-element_type=\"widget\" data-widget_type=\"image.default\">\n\t\t\t\t<div class=\"elementor-widget-container\">\n\t\t\t\t\t\t\t\t\t\t\t\t\t\t\t<img decoding=\"async\" width=\"407\" height=\"698\" data-src=\"https:\/\/dianaparkhotel.com\/wp-content\/uploads\/2025\/03\/going-to-leave-for-a-while-2023-11-27-05-10-32-utc-1.png\" class=\"attachment-large size-large wp-image-61 lazyload\" alt=\"\" data-srcset=\"https:\/\/dianaparkhotel.com\/wp-content\/uploads\/2025\/03\/going-to-leave-for-a-while-2023-11-27-05-10-32-utc-1.png 407w, https:\/\/dianaparkhotel.com\/wp-content\/uploads\/2025\/03\/going-to-leave-for-a-while-2023-11-27-05-10-32-utc-1-175x300.png 175w\" data-sizes=\"(max-width: 407px) 100vw, 407px\" src=\"data:image\/gif;base64,R0lGODlhAQABAAAAACH5BAEKAAEALAAAAAABAAEAAAICTAEAOw==\" style=\"--smush-placeholder-width: 407px; --smush-placeholder-aspect-ratio: 407\/698;\" \/>\t\t\t\t\t\t\t\t\t\t\t\t\t\t\t<\/div>\n\t\t\t\t<\/div>\n\t\t\t\t<\/div>\n\t\t\t\t\t<\/div>\n\t\t\t\t<\/div>\n\t\t<div class=\"elementor-element elementor-element-af70a54 e-flex e-con-boxed e-con e-parent\" data-id=\"af70a54\" data-element_type=\"container\">\n\t\t\t\t\t<div class=\"e-con-inner\">\n\t\t<div class=\"elementor-element elementor-element-d8b9103 e-con-full e-flex e-con e-child\" data-id=\"d8b9103\" data-element_type=\"container\">\n\t\t\t\t<div class=\"elementor-element elementor-element-72393c0 elementor-widget elementor-widget-image\" data-id=\"72393c0\" data-element_type=\"widget\" data-widget_type=\"image.default\">\n\t\t\t\t<div class=\"elementor-widget-container\">\n\t\t\t\t\t\t\t\t\t\t\t\t\t\t\t<img decoding=\"async\" width=\"203\" height=\"286\" data-src=\"https:\/\/dianaparkhotel.com\/wp-content\/uploads\/2025\/03\/cta-min-1.png\" class=\"attachment-large size-large wp-image-72 lazyload\" alt=\"\" src=\"data:image\/gif;base64,R0lGODlhAQABAAAAACH5BAEKAAEALAAAAAABAAEAAAICTAEAOw==\" style=\"--smush-placeholder-width: 203px; --smush-placeholder-aspect-ratio: 203\/286;\" \/>\t\t\t\t\t\t\t\t\t\t\t\t\t\t\t<\/div>\n\t\t\t\t<\/div>\n\t\t\t\t<\/div>\n\t\t<div class=\"elementor-element elementor-element-5e48f05 e-con-full e-flex e-con e-child\" data-id=\"5e48f05\" data-element_type=\"container\">\n\t\t<div class=\"elementor-element elementor-element-4b8f787 e-con-full e-flex e-con e-child\" data-id=\"4b8f787\" data-element_type=\"container\">\n\t\t\t\t<div class=\"elementor-element elementor-element-ccd4366 elementor-invisible elementor-widget elementor-widget-heading\" data-id=\"ccd4366\" data-element_type=\"widget\" data-settings=\"{&quot;_animation&quot;:&quot;fadeInLeft&quot;}\" data-widget_type=\"heading.default\">\n\t\t\t\t<div class=\"elementor-widget-container\">\n\t\t\t\t\t<h2 class=\"elementor-heading-title elementor-size-default\"><a href=\"https:\/\/dianaparkhotel.com\/it\/meeting-room\/\">sala reuniones<\/a><\/h2>\t\t\t\t<\/div>\n\t\t\t\t<\/div>\n\t\t\t\t<div class=\"elementor-element elementor-element-b6b8b66 elementor-view-default elementor-invisible elementor-widget elementor-widget-icon\" data-id=\"b6b8b66\" data-element_type=\"widget\" data-settings=\"{&quot;_animation&quot;:&quot;fadeInLeft&quot;}\" data-widget_type=\"icon.default\">\n\t\t\t\t<div class=\"elementor-widget-container\">\n\t\t\t\t\t\t\t<div class=\"elementor-icon-wrapper\">\n\t\t\t<a class=\"elementor-icon\" href=\"https:\/\/dianaparkhotel.com\/it\/meeting-room\/\">\n\t\t\t<svg xmlns=\"http:\/\/www.w3.org\/2000\/svg\" width=\"23\" height=\"23\" viewbox=\"0 0 23 23\" fill=\"none\"><circle cx=\"11.5\" cy=\"11.5\" r=\"11.5\" fill=\"#D2B594\"><\/circle><\/svg>\t\t\t<\/a>\n\t\t<\/div>\n\t\t\t\t\t\t<\/div>\n\t\t\t\t<\/div>\n\t\t\t\t<\/div>\n\t\t\t\t<div class=\"elementor-element elementor-element-8bd0d8d elementor-widget elementor-widget-spacer\" data-id=\"8bd0d8d\" data-element_type=\"widget\" data-widget_type=\"spacer.default\">\n\t\t\t\t<div class=\"elementor-widget-container\">\n\t\t\t\t\t\t\t<div class=\"elementor-spacer\">\n\t\t\t<div class=\"elementor-spacer-inner\"><\/div>\n\t\t<\/div>\n\t\t\t\t\t\t<\/div>\n\t\t\t\t<\/div>\n\t\t\t\t<div class=\"elementor-element elementor-element-fc13530 elementor-widget elementor-widget-text-editor\" data-id=\"fc13530\" data-element_type=\"widget\" data-widget_type=\"text-editor.default\">\n\t\t\t\t<div class=\"elementor-widget-container\">\n\t\t\t\t\t\t\t\t\t<p>Su posici\u00f3n estrat\u00e9gica convierte al Diana Park en el hotel de 3 estrellas perfecto para viajeros y familias que desean descubrir las maravillas arquitect\u00f3nicas y culturales de Florencia, as\u00ed como para personas de negocios que se encuentren en la capital toscana por trabajo y necesiten una sala de reuniones y desplazarse r\u00e1pidamente.<\/p>\t\t\t\t\t\t\t\t<\/div>\n\t\t\t\t<\/div>\n\t\t\t\t<\/div>\n\t\t\t\t\t<\/div>\n\t\t\t\t<\/div>\n\t\t<div class=\"elementor-element elementor-element-cd07fa9 e-flex e-con-boxed e-con e-parent\" data-id=\"cd07fa9\" data-element_type=\"container\" data-settings=\"{&quot;background_background&quot;:&quot;classic&quot;}\">\n\t\t\t\t\t<div class=\"e-con-inner\">\n\t\t\t\t<div class=\"elementor-element elementor-element-461608b elementor-widget elementor-widget-heading\" data-id=\"461608b\" data-element_type=\"widget\" data-widget_type=\"heading.default\">\n\t\t\t\t<div class=\"elementor-widget-container\">\n\t\t\t\t\t<h2 class=\"elementor-heading-title elementor-size-default\">Nuestro hotel<\/h2>\t\t\t\t<\/div>\n\t\t\t\t<\/div>\n\t\t\t\t<div class=\"elementor-element elementor-element-2e0ceed elementor-widget elementor-widget-text-editor\" data-id=\"2e0ceed\" data-element_type=\"widget\" data-widget_type=\"text-editor.default\">\n\t\t\t\t<div class=\"elementor-widget-container\">\n\t\t\t\t\t\t\t\t\t<p>Ubicado en un elegante edificio de finales del siglo XIX junto a la hist\u00f3rica Iglesia de la Madonna della Tosse, el Hotel Diana Park combina el encanto del estilo neocl\u00e1sico de los muebles, las \u00e1reas comunes y las habitaciones con todas las comodidades modernas.<\/p>\t\t\t\t\t\t\t\t<\/div>\n\t\t\t\t<\/div>\n\t\t\t\t<div class=\"elementor-element elementor-element-9358e86 elementor-widget elementor-widget-spacer\" data-id=\"9358e86\" data-element_type=\"widget\" data-widget_type=\"spacer.default\">\n\t\t\t\t<div class=\"elementor-widget-container\">\n\t\t\t\t\t\t\t<div class=\"elementor-spacer\">\n\t\t\t<div class=\"elementor-spacer-inner\"><\/div>\n\t\t<\/div>\n\t\t\t\t\t\t<\/div>\n\t\t\t\t<\/div>\n\t\t\t\t<div class=\"elementor-element elementor-element-c3c9809 elementor-align-center elementor-widget elementor-widget-button\" data-id=\"c3c9809\" data-element_type=\"widget\" data-widget_type=\"button.default\">\n\t\t\t\t<div class=\"elementor-widget-container\">\n\t\t\t\t\t\t\t\t\t<div class=\"elementor-button-wrapper\">\n\t\t\t\t\t<a class=\"elementor-button elementor-button-link elementor-size-sm\" href=\"https:\/\/dianaparkhotel.com\/it\/standard\/\">\n\t\t\t\t\t\t<span class=\"elementor-button-content-wrapper\">\n\t\t\t\t\t\t\t\t\t<span class=\"elementor-button-text\">Descubre las habitaciones<\/span>\n\t\t\t\t\t<\/span>\n\t\t\t\t\t<\/a>\n\t\t\t\t<\/div>\n\t\t\t\t\t\t\t\t<\/div>\n\t\t\t\t<\/div>\n\t\t\t\t\t<\/div>\n\t\t\t\t<\/div>\n\t\t\t\t<\/div>","protected":false},"excerpt":{"rendered":"<p>Your journey to Florence Starts Here book now private parking Diana Park Hotel is the ideal starting point for your [&hellip;]<\/p>","protected":false},"author":1,"featured_media":0,"parent":0,"menu_order":0,"comment_status":"closed","ping_status":"closed","template":"elementor_header_footer","meta":{"site-sidebar-layout":"no-sidebar","site-content-layout":"","ast-site-content-layout":"full-width-container","site-content-style":"default","site-sidebar-style":"default","ast-global-header-display":"","ast-banner-title-visibility":"","ast-main-header-display":"","ast-hfb-above-header-display":"","ast-hfb-below-header-display":"","ast-hfb-mobile-header-display":"","site-post-title":"disabled","ast-breadcrumbs-content":"","ast-featured-img":"disabled","footer-sml-layout":"","theme-transparent-header-meta":"","adv-header-id-meta":"","stick-header-meta":"","header-above-stick-meta":"","header-main-stick-meta":"","header-below-stick-meta":"","astra-migrate-meta-layouts":"default","ast-page-background-enabled":"default","ast-page-background-meta":{"desktop":{"background-color":"var(--ast-global-color-5)","background-image":"","background-repeat":"repeat","background-position":"center center","background-size":"auto","background-attachment":"scroll","background-type":"","background-media":"","overlay-type":"","overlay-color":"","overlay-opacity":"","overlay-gradient":""},"tablet":{"background-color":"","background-image":"","background-repeat":"repeat","background-position":"center center","background-size":"auto","background-attachment":"scroll","background-type":"","background-media":"","overlay-type":"","overlay-color":"","overlay-opacity":"","overlay-gradient":""},"mobile":{"background-color":"","background-image":"","background-repeat":"repeat","background-position":"center center","background-size":"auto","background-attachment":"scroll","background-type":"","background-media":"","overlay-type":"","overlay-color":"","overlay-opacity":"","overlay-gradient":""}},"ast-content-background-meta":{"desktop":{"background-color":"var(--ast-global-color-4)","background-image":"","background-repeat":"repeat","background-position":"center center","background-size":"auto","background-attachment":"scroll","background-type":"","background-media":"","overlay-type":"","overlay-color":"","overlay-opacity":"","overlay-gradient":""},"tablet":{"background-color":"var(--ast-global-color-4)","background-image":"","background-repeat":"repeat","background-position":"center center","background-size":"auto","background-attachment":"scroll","background-type":"","background-media":"","overlay-type":"","overlay-color":"","overlay-opacity":"","overlay-gradient":""},"mobile":{"background-color":"var(--ast-global-color-4)","background-image":"","background-repeat":"repeat","background-position":"center center","background-size":"auto","background-attachment":"scroll","background-type":"","background-media":"","overlay-type":"","overlay-color":"","overlay-opacity":"","overlay-gradient":""}},"footnotes":""},"class_list":["post-8","page","type-page","status-publish","hentry"],"yoast_head":"<!-- This site is optimized with the Yoast SEO plugin v25.1 - https:\/\/yoast.com\/wordpress\/plugins\/seo\/ -->\n<title>Diana Park Hotel &#8211; 3 Stars Hotel<\/title>\n<meta name=\"description\" content=\"Diana Park Hotel is the ideal starting point for your trip to Florence. With private parking and a prime location near Piazza della Libert\u00e0, right at the gateway to the historic center, our hotel allows you to reach both the iconic Duomo and the airport in just 10 minutes by transport.\" \/>\n<meta name=\"robots\" content=\"index, follow, max-snippet:-1, max-image-preview:large, max-video-preview:-1\" \/>\n<link rel=\"canonical\" href=\"https:\/\/dianaparkhotel.com\/es\/\" \/>\n<meta property=\"og:locale\" content=\"es_ES\" \/>\n<meta property=\"og:type\" content=\"article\" \/>\n<meta property=\"og:title\" content=\"Diana Park Hotel &#8211; 3 Stars Hotel\" \/>\n<meta property=\"og:description\" content=\"Diana Park Hotel is the ideal starting point for your trip to Florence. With private parking and a prime location near Piazza della Libert\u00e0, right at the gateway to the historic center, our hotel allows you to reach both the iconic Duomo and the airport in just 10 minutes by transport.\" \/>\n<meta property=\"og:url\" content=\"https:\/\/dianaparkhotel.com\/es\/\" \/>\n<meta property=\"og:site_name\" content=\"Diana Park Hotel\" \/>\n<meta property=\"article:modified_time\" content=\"2025-05-14T09:54:33+00:00\" \/>\n<meta property=\"og:image\" content=\"https:\/\/dianaparkhotel.com\/wp-content\/uploads\/2025\/03\/men_9634-1024x768-1.png\" \/>\n<meta name=\"twitter:card\" content=\"summary_large_image\" \/>\n<meta name=\"twitter:label1\" content=\"Tiempo de lectura\" \/>\n\t<meta name=\"twitter:data1\" content=\"2 minutos\" \/>\n<script type=\"application\/ld+json\" class=\"yoast-schema-graph\">{\"@context\":\"https:\/\/schema.org\",\"@graph\":[{\"@type\":\"WebPage\",\"@id\":\"https:\/\/dianaparkhotel.com\/\",\"url\":\"https:\/\/dianaparkhotel.com\/\",\"name\":\"Diana Park Hotel &#8211; 3 Stars Hotel\",\"isPartOf\":{\"@id\":\"https:\/\/dianaparkhotel.com\/#website\"},\"primaryImageOfPage\":{\"@id\":\"https:\/\/dianaparkhotel.com\/#primaryimage\"},\"image\":{\"@id\":\"https:\/\/dianaparkhotel.com\/#primaryimage\"},\"thumbnailUrl\":\"https:\/\/dianaparkhotel.com\/wp-content\/uploads\/2025\/03\/men_9634-1024x768-1.png\",\"datePublished\":\"2025-03-28T16:28:33+00:00\",\"dateModified\":\"2025-05-14T09:54:33+00:00\",\"description\":\"Diana Park Hotel is the ideal starting point for your trip to Florence. With private parking and a prime location near Piazza della Libert\u00e0, right at the gateway to the historic center, our hotel allows you to reach both the iconic Duomo and the airport in just 10 minutes by transport.\",\"breadcrumb\":{\"@id\":\"https:\/\/dianaparkhotel.com\/#breadcrumb\"},\"inLanguage\":\"es\",\"potentialAction\":[{\"@type\":\"ReadAction\",\"target\":[\"https:\/\/dianaparkhotel.com\/\"]}]},{\"@type\":\"ImageObject\",\"inLanguage\":\"es\",\"@id\":\"https:\/\/dianaparkhotel.com\/#primaryimage\",\"url\":\"https:\/\/dianaparkhotel.com\/wp-content\/uploads\/2025\/03\/men_9634-1024x768-1.png\",\"contentUrl\":\"https:\/\/dianaparkhotel.com\/wp-content\/uploads\/2025\/03\/men_9634-1024x768-1.png\"},{\"@type\":\"BreadcrumbList\",\"@id\":\"https:\/\/dianaparkhotel.com\/#breadcrumb\",\"itemListElement\":[{\"@type\":\"ListItem\",\"position\":1,\"name\":\"Home\",\"item\":\"https:\/\/dianaparkhotel.com\/\"},{\"@type\":\"ListItem\",\"position\":2,\"name\":\"Home\"}]},{\"@type\":\"WebSite\",\"@id\":\"https:\/\/dianaparkhotel.com\/#website\",\"url\":\"https:\/\/dianaparkhotel.com\/\",\"name\":\"Diana Park Hotel\",\"description\":\"3 Stars Hotel\",\"publisher\":{\"@id\":\"https:\/\/dianaparkhotel.com\/#organization\"},\"potentialAction\":[{\"@type\":\"SearchAction\",\"target\":{\"@type\":\"EntryPoint\",\"urlTemplate\":\"https:\/\/dianaparkhotel.com\/?s={search_term_string}\"},\"query-input\":{\"@type\":\"PropertyValueSpecification\",\"valueRequired\":true,\"valueName\":\"search_term_string\"}}],\"inLanguage\":\"es\"},{\"@type\":\"Organization\",\"@id\":\"https:\/\/dianaparkhotel.com\/#organization\",\"name\":\"Diana Park Hotel\",\"url\":\"https:\/\/dianaparkhotel.com\/\",\"logo\":{\"@type\":\"ImageObject\",\"inLanguage\":\"es\",\"@id\":\"https:\/\/dianaparkhotel.com\/#\/schema\/logo\/image\/\",\"url\":\"https:\/\/dianaparkhotel.com\/wp-content\/uploads\/2025\/03\/Group-26.svg\",\"contentUrl\":\"https:\/\/dianaparkhotel.com\/wp-content\/uploads\/2025\/03\/Group-26.svg\",\"width\":277,\"height\":41,\"caption\":\"Diana Park Hotel\"},\"image\":{\"@id\":\"https:\/\/dianaparkhotel.com\/#\/schema\/logo\/image\/\"}}]}<\/script>\n<!-- \/ Yoast SEO plugin. -->","yoast_head_json":{"title":"Diana Park Hotel &#8211; 3 Stars Hotel","description":"Diana Park Hotel is the ideal starting point for your trip to Florence. With private parking and a prime location near Piazza della Libert\u00e0, right at the gateway to the historic center, our hotel allows you to reach both the iconic Duomo and the airport in just 10 minutes by transport.","robots":{"index":"index","follow":"follow","max-snippet":"max-snippet:-1","max-image-preview":"max-image-preview:large","max-video-preview":"max-video-preview:-1"},"canonical":"https:\/\/dianaparkhotel.com\/es\/","og_locale":"es_ES","og_type":"article","og_title":"Diana Park Hotel &#8211; 3 Stars Hotel","og_description":"Diana Park Hotel is the ideal starting point for your trip to Florence. With private parking and a prime location near Piazza della Libert\u00e0, right at the gateway to the historic center, our hotel allows you to reach both the iconic Duomo and the airport in just 10 minutes by transport.","og_url":"https:\/\/dianaparkhotel.com\/es\/","og_site_name":"Diana Park Hotel","article_modified_time":"2025-05-14T09:54:33+00:00","og_image":[{"url":"https:\/\/dianaparkhotel.com\/wp-content\/uploads\/2025\/03\/men_9634-1024x768-1.png","type":"","width":"","height":""}],"twitter_card":"summary_large_image","twitter_misc":{"Tiempo de lectura":"2 minutos"},"schema":{"@context":"https:\/\/schema.org","@graph":[{"@type":"WebPage","@id":"https:\/\/dianaparkhotel.com\/","url":"https:\/\/dianaparkhotel.com\/","name":"Diana Park Hotel &#8211; 3 Stars Hotel","isPartOf":{"@id":"https:\/\/dianaparkhotel.com\/#website"},"primaryImageOfPage":{"@id":"https:\/\/dianaparkhotel.com\/#primaryimage"},"image":{"@id":"https:\/\/dianaparkhotel.com\/#primaryimage"},"thumbnailUrl":"https:\/\/dianaparkhotel.com\/wp-content\/uploads\/2025\/03\/men_9634-1024x768-1.png","datePublished":"2025-03-28T16:28:33+00:00","dateModified":"2025-05-14T09:54:33+00:00","description":"Diana Park Hotel is the ideal starting point for your trip to Florence. With private parking and a prime location near Piazza della Libert\u00e0, right at the gateway to the historic center, our hotel allows you to reach both the iconic Duomo and the airport in just 10 minutes by transport.","breadcrumb":{"@id":"https:\/\/dianaparkhotel.com\/#breadcrumb"},"inLanguage":"es","potentialAction":[{"@type":"ReadAction","target":["https:\/\/dianaparkhotel.com\/"]}]},{"@type":"ImageObject","inLanguage":"es","@id":"https:\/\/dianaparkhotel.com\/#primaryimage","url":"https:\/\/dianaparkhotel.com\/wp-content\/uploads\/2025\/03\/men_9634-1024x768-1.png","contentUrl":"https:\/\/dianaparkhotel.com\/wp-content\/uploads\/2025\/03\/men_9634-1024x768-1.png"},{"@type":"BreadcrumbList","@id":"https:\/\/dianaparkhotel.com\/#breadcrumb","itemListElement":[{"@type":"ListItem","position":1,"name":"Home","item":"https:\/\/dianaparkhotel.com\/"},{"@type":"ListItem","position":2,"name":"Home"}]},{"@type":"WebSite","@id":"https:\/\/dianaparkhotel.com\/#website","url":"https:\/\/dianaparkhotel.com\/","name":"Diana Park Hotel","description":"3 Stars Hotel","publisher":{"@id":"https:\/\/dianaparkhotel.com\/#organization"},"potentialAction":[{"@type":"SearchAction","target":{"@type":"EntryPoint","urlTemplate":"https:\/\/dianaparkhotel.com\/?s={search_term_string}"},"query-input":{"@type":"PropertyValueSpecification","valueRequired":true,"valueName":"search_term_string"}}],"inLanguage":"es"},{"@type":"Organization","@id":"https:\/\/dianaparkhotel.com\/#organization","name":"Diana Park Hotel","url":"https:\/\/dianaparkhotel.com\/","logo":{"@type":"ImageObject","inLanguage":"es","@id":"https:\/\/dianaparkhotel.com\/#\/schema\/logo\/image\/","url":"https:\/\/dianaparkhotel.com\/wp-content\/uploads\/2025\/03\/Group-26.svg","contentUrl":"https:\/\/dianaparkhotel.com\/wp-content\/uploads\/2025\/03\/Group-26.svg","width":277,"height":41,"caption":"Diana Park Hotel"},"image":{"@id":"https:\/\/dianaparkhotel.com\/#\/schema\/logo\/image\/"}}]}},"_links":{"self":[{"href":"https:\/\/dianaparkhotel.com\/es\/wp-json\/wp\/v2\/pages\/8","targetHints":{"allow":["GET"]}}],"collection":[{"href":"https:\/\/dianaparkhotel.com\/es\/wp-json\/wp\/v2\/pages"}],"about":[{"href":"https:\/\/dianaparkhotel.com\/es\/wp-json\/wp\/v2\/types\/page"}],"author":[{"embeddable":true,"href":"https:\/\/dianaparkhotel.com\/es\/wp-json\/wp\/v2\/users\/1"}],"replies":[{"embeddable":true,"href":"https:\/\/dianaparkhotel.com\/es\/wp-json\/wp\/v2\/comments?post=8"}],"version-history":[{"count":85,"href":"https:\/\/dianaparkhotel.com\/es\/wp-json\/wp\/v2\/pages\/8\/revisions"}],"predecessor-version":[{"id":1006,"href":"https:\/\/dianaparkhotel.com\/es\/wp-json\/wp\/v2\/pages\/8\/revisions\/1006"}],"wp:attachment":[{"href":"https:\/\/dianaparkhotel.com\/es\/wp-json\/wp\/v2\/media?parent=8"}],"curies":[{"name":"wp","href":"https:\/\/api.w.org\/{rel}","templated":true}]}}